{"id":86,"date":"2013-01-14T17:32:04","date_gmt":"2013-01-14T17:32:04","guid":{"rendered":"http:\/\/bismarckierung.wordpress.com\/?page_id=11"},"modified":"2020-09-15T09:42:15","modified_gmt":"2020-09-15T07:42:15","slug":"die-weltkarte-2","status":"publish","type":"page","link":"https:\/\/bismarckierung.de\/?page_id=86","title":{"rendered":"Die Weltkarte"},"content":{"rendered":"<p>Hier sehen Sie die Weltkarte! Klicken Sie die Pins an, um die Namen und in vielen F\u00e4llen Zusatzinformationen sowie Bilder zu entdecken. F\u00fcr eine optimierte, gr\u00f6\u00dfere Ansicht, klicken Sie einfach <a title=\"BISMARCKIERUNG - gr\u00f6\u00dfere Karte\" href=\"https:\/\/www.google.com\/maps\/d\/edit?mid=zf0VXhZeO4ys.kiAzeGFifohI\" target=\"_blank\" rel=\"noopener noreferrer\">hier<\/a>.<\/p>\n<p><iframe loading=\"lazy\" src=\"https:\/\/www.google.com\/maps\/d\/embed?mid=zf0VXhZeO4ys.kiAzeGFifohI\" width=\"600\" height=\"400\"><\/iframe><\/p>\n","protected":false},"excerpt":{"rendered":"<p>Hier sehen Sie die Weltkarte! Klicken Sie die Pins an, um die Namen und in vielen F\u00e4llen Zusatzinformationen sowie Bilder zu entdecken. F\u00fcr eine optimierte, gr\u00f6\u00dfere Ansicht, klicken Sie einfach hier.<\/p>\n","protected":false},"author":1,"featured_media":0,"parent":0,"menu_order":2,"comment_status":"closed","ping_status":"open","template":"","meta":{"footnotes":""},"class_list":["post-86","page","type-page","status-publish","hentry"],"_links":{"self":[{"href":"https:\/\/bismarckierung.de\/index.php?rest_route=\/wp\/v2\/pages\/86","targetHints":{"allow":["GET"]}}],"collection":[{"href":"https:\/\/bismarckierung.de\/index.php?rest_route=\/wp\/v2\/pages"}],"about":[{"href":"https:\/\/bismarckierung.de\/index.php?rest_route=\/wp\/v2\/types\/page"}],"author":[{"embeddable":true,"href":"https:\/\/bismarckierung.de\/index.php?rest_route=\/wp\/v2\/users\/1"}],"replies":[{"embeddable":true,"href":"https:\/\/bismarckierung.de\/index.php?rest_route=%2Fwp%2Fv2%2Fcomments&post=86"}],"version-history":[{"count":10,"href":"https:\/\/bismarckierung.de\/index.php?rest_route=\/wp\/v2\/pages\/86\/revisions"}],"predecessor-version":[{"id":236,"href":"https:\/\/bismarckierung.de\/index.php?rest_route=\/wp\/v2\/pages\/86\/revisions\/236"}],"wp:attachment":[{"href":"https:\/\/bismarckierung.de\/index.php?rest_route=%2Fwp%2Fv2%2Fmedia&parent=86"}],"curies":[{"name":"wp","href":"https:\/\/api.w.org\/{rel}","templated":true}]}}