{"id":83,"date":"2013-01-14T17:30:00","date_gmt":"2013-01-14T15:30:00","guid":{"rendered":"http:\/\/bismarckierung.wordpress.com\/?page_id=5"},"modified":"2025-06-13T17:18:20","modified_gmt":"2025-06-13T15:18:20","slug":"impressum-2","status":"publish","type":"page","link":"https:\/\/bismarckierung.de\/?page_id=83","title":{"rendered":"Impressum"},"content":{"rendered":"<p><strong>Herausgeber:<br \/>\n<\/strong>Otto-von-Bismarck-Stiftung d.\u00f6.R.<br \/>\nAm Bahnhof 2, 21521 Friedrichsruh<br \/>\n<a title=\"Die Internetseite der Otto-von-Bismarck-Stiftung\" href=\"http:\/\/www.bismarck-stiftung.de\" target=\"_blank\" rel=\"noopener noreferrer\">www.bismarck-stiftung.de<\/a><br \/>\nvertreten durch den Vorsitzenden des Vorstandes der Otto-von-Bismarck-Stiftung, Dr. R\u00fcdiger Kass<\/p>\n<p>Die Otto-von-Bismarck-Stiftung ist eine der <a href=\"http:\/\/politikergedenkstiftungen.de\/\">sieben Politikergedenkstiftungen des Bundes<\/a>. Die Stiftung wird mit Mitteln des Beauftragten der Bundesregierung f\u00fcr Kultur und Medien finanziert.<\/p>\n<p><strong>Konzeption dieser Website:<br \/>\n<\/strong>Dr. Ulf Morgenstern<br \/>\nChristian Wachter<\/p>\n<p><strong>Redaktion der Website:<br \/>\n<\/strong>Otto-von-Bismarck-Stiftung<\/p>\n<p><strong>\u00a0<\/strong><\/p>\n<p><strong>Haftung:<br \/>\n<\/strong>Die Otto-von-Bismarck-Stiftung (OBS) ist bem\u00fcht, f\u00fcr s\u00e4mtliche Internet-Nutzer korrekte und vollst\u00e4ndige Informationen bereitzustellen. Sie \u00fcbernimmt jedoch keine Gew\u00e4hr f\u00fcr deren Aktualit\u00e4t, Korrektheit und Vollst\u00e4ndigkeit \u00fcbernehmen. Haftungsanspr\u00fcche gegen die Stiftung, die sich aus der Nutzung der hier bereitgestellten Informationen ergeben k\u00f6nnten, sind ausgeschlossen. Die OBS beh\u00e4lt sich vor, Ihre Website ohne besondere Ank\u00fcndigung zu ver\u00e4ndern, zu erg\u00e4nzen oder zu l\u00f6schen. Sofern auf andere Internet-Adressen (\u201eLinks\u201c) verwiesen wird, \u00fcbernimmt die OBS keine Verantwortung oder Haftung f\u00fcr die Inhalte der verlinkten Websites. Die OBS ist bem\u00fcht, die Urheberrechte des verwendeten Text-, Foto-, Film- und Tonmaterials zu beachten. Sollte die Stiftung dennoch ein nicht gekennzeichnetes und durch fremdes Urheberrecht gesch\u00fctztes Dokument verwenden, konnte der Urheber trotz intensiver Bem\u00fchungen nicht ermittelt werden. In diesem Fall wird die Stiftung das Dokument entweder entfernen oder \u2013 mit Erlaubnis des Rechteinhabers \u2013 das Urheberrecht angeben. Die OBS bittet von ihr nicht ermittelte Inhaber von Urheberrechten auf, sich mit ihr in Verbindung zu setzen.<\/p>\n<p>Zum Datenschutz beachten Sie bitte unsere Informationen: <a href=\"https:\/\/www.bismarck-stiftung.de\/kontakt\/datenschutzbelehrung\/\">Datenschutz<\/a>.<\/p>\n","protected":false},"excerpt":{"rendered":"<p>Herausgeber: Otto-von-Bismarck-Stiftung d.\u00f6.R. Am Bahnhof 2, 21521 Friedrichsruh www.bismarck-stiftung.de vertreten durch den Vorsitzenden des Vorstandes der Otto-von-Bismarck-Stiftung, Dr. R\u00fcdiger Kass Die Otto-von-Bismarck-Stiftung ist eine der sieben Politikergedenkstiftungen des Bundes. Die Stiftung wird mit Mitteln des Beauftragten der Bundesregierung f\u00fcr Kultur und Medien finanziert. Konzeption dieser Website: Dr. Ulf Morgenstern Christian Wachter Redaktion der Website: Otto-von-Bismarck-Stiftung &hellip; <a href=\"https:\/\/bismarckierung.de\/?page_id=83\" class=\"more-link\"><span class=\"screen-reader-text\">Impressum<\/span> weiterlesen <span class=\"meta-nav\">&rarr;<\/span><\/a><\/p>\n","protected":false},"author":1,"featured_media":0,"parent":0,"menu_order":5,"comment_status":"closed","ping_status":"closed","template":"","meta":{"footnotes":""},"class_list":["post-83","page","type-page","status-publish","hentry"],"_links":{"self":[{"href":"https:\/\/bismarckierung.de\/index.php?rest_route=\/wp\/v2\/pages\/83","targetHints":{"allow":["GET"]}}],"collection":[{"href":"https:\/\/bismarckierung.de\/index.php?rest_route=\/wp\/v2\/pages"}],"about":[{"href":"https:\/\/bismarckierung.de\/index.php?rest_route=\/wp\/v2\/types\/page"}],"author":[{"embeddable":true,"href":"https:\/\/bismarckierung.de\/index.php?rest_route=\/wp\/v2\/users\/1"}],"replies":[{"embeddable":true,"href":"https:\/\/bismarckierung.de\/index.php?rest_route=%2Fwp%2Fv2%2Fcomments&post=83"}],"version-history":[{"count":9,"href":"https:\/\/bismarckierung.de\/index.php?rest_route=\/wp\/v2\/pages\/83\/revisions"}],"predecessor-version":[{"id":385,"href":"https:\/\/bismarckierung.de\/index.php?rest_route=\/wp\/v2\/pages\/83\/revisions\/385"}],"wp:attachment":[{"href":"https:\/\/bismarckierung.de\/index.php?rest_route=%2Fwp%2Fv2%2Fmedia&parent=83"}],"curies":[{"name":"wp","href":"https:\/\/api.w.org\/{rel}","templated":true}]}}