{"id":224,"date":"2020-09-14T19:54:15","date_gmt":"2020-09-14T17:54:15","guid":{"rendered":"http:\/\/bismarckierung.de\/?page_id=224"},"modified":"2021-10-22T11:13:57","modified_gmt":"2021-10-22T09:13:57","slug":"otto-von-bismarck-stiftung","status":"publish","type":"page","link":"https:\/\/bismarckierung.de\/?page_id=224","title":{"rendered":"Otto-von-Bismarck-Stiftung"},"content":{"rendered":"\n<p>Das Projekt \u201eBismarckierung\u201c wird von der <a href=\"https:\/\/www.bismarck-stiftung.de\/\" data-type=\"URL\" data-id=\"https:\/\/www.bismarck-stiftung.de\/\">Otto-von-Bismarck-Stiftung<\/a> betreut. Sie ist eine der sieben <a href=\"http:\/\/politikergedenkstiftungen.de\/\" data-type=\"URL\" data-id=\"http:\/\/politikergedenkstiftungen.de\/\">Politikergedenkstiftungen des Bundes<\/a>. Zu ihren wesentlichen Aufgaben geh\u00f6ren die wissenschaftliche Forschung zu Otto von Bismarck und seiner Zeit sowie die historisch-politische Bildungsarbeit. Sitz der Stiftung ist das 1846 errichtete und denkmalgesch\u00fctzte Bahnhofsgeb\u00e4ude in Friedrichsruh bei Hamburg, dort betreut sie auch das traditionsreiche Bismarck-Museum. Au\u00dferdem verwaltet sie auf der Grundlage einer Kooperation mit dem Land Sachsen-Anhalt, dem Landkreis Stendal und der dortigen Gemeinde das Bismarck-Museum in Sch\u00f6nhausen\/Elbe, dem Geburtsort Otto von Bismarcks.<\/p>\n\n\n\n<figure class=\"wp-block-gallery alignwide columns-3 is-cropped wp-block-gallery-1 is-layout-flex wp-block-gallery-is-layout-flex\"><ul class=\"blocks-gallery-grid\"><li class=\"blocks-gallery-item\"><figure><img loading=\"lazy\" decoding=\"async\" width=\"1024\" height=\"823\" src=\"https:\/\/bismarckierung.de\/wp-content\/uploads\/2020\/09\/Schoenhausen-mit-Kanonen_1200-1024x823.jpg\" alt=\"\" data-id=\"241\" data-full-url=\"https:\/\/bismarckierung.de\/wp-content\/uploads\/2020\/09\/Schoenhausen-mit-Kanonen_1200.jpg\" data-link=\"https:\/\/bismarckierung.de\/?attachment_id=241\" class=\"wp-image-241\" srcset=\"https:\/\/bismarckierung.de\/wp-content\/uploads\/2020\/09\/Schoenhausen-mit-Kanonen_1200-1024x823.jpg 1024w, https:\/\/bismarckierung.de\/wp-content\/uploads\/2020\/09\/Schoenhausen-mit-Kanonen_1200-300x241.jpg 300w, https:\/\/bismarckierung.de\/wp-content\/uploads\/2020\/09\/Schoenhausen-mit-Kanonen_1200-768x618.jpg 768w, https:\/\/bismarckierung.de\/wp-content\/uploads\/2020\/09\/Schoenhausen-mit-Kanonen_1200.jpg 1200w\" sizes=\"auto, (max-width: 1024px) 100vw, 1024px\" \/><figcaption class=\"blocks-gallery-item__caption\">Das Bismarck-Museum in Sch\u00f6nhausen, Parkansicht<\/figcaption><\/figure><\/li><li class=\"blocks-gallery-item\"><figure><img loading=\"lazy\" decoding=\"async\" width=\"495\" height=\"400\" src=\"https:\/\/bismarckierung.de\/wp-content\/uploads\/2020\/09\/Bismarck-Stiftung-Aussenansicht.jpg\" alt=\"\" data-id=\"238\" data-full-url=\"https:\/\/bismarckierung.de\/wp-content\/uploads\/2020\/09\/Bismarck-Stiftung-Aussenansicht.jpg\" data-link=\"https:\/\/bismarckierung.de\/?attachment_id=238\" class=\"wp-image-238\" srcset=\"https:\/\/bismarckierung.de\/wp-content\/uploads\/2020\/09\/Bismarck-Stiftung-Aussenansicht.jpg 495w, https:\/\/bismarckierung.de\/wp-content\/uploads\/2020\/09\/Bismarck-Stiftung-Aussenansicht-300x242.jpg 300w\" sizes=\"auto, (max-width: 495px) 100vw, 495px\" \/><figcaption class=\"blocks-gallery-item__caption\">Der Historische Bahnhof Friedrichsruh<\/figcaption><\/figure><\/li><li class=\"blocks-gallery-item\"><figure><img loading=\"lazy\" decoding=\"async\" width=\"900\" height=\"675\" src=\"https:\/\/bismarckierung.de\/wp-content\/uploads\/2020\/09\/altes-Landhaus-\u00a9OBS.jpg\" alt=\"\" data-id=\"239\" data-full-url=\"https:\/\/bismarckierung.de\/wp-content\/uploads\/2020\/09\/altes-Landhaus-\u00a9OBS.jpg\" data-link=\"https:\/\/bismarckierung.de\/?attachment_id=239\" class=\"wp-image-239\" srcset=\"https:\/\/bismarckierung.de\/wp-content\/uploads\/2020\/09\/altes-Landhaus-\u00a9OBS.jpg 900w, https:\/\/bismarckierung.de\/wp-content\/uploads\/2020\/09\/altes-Landhaus-\u00a9OBS-300x225.jpg 300w, https:\/\/bismarckierung.de\/wp-content\/uploads\/2020\/09\/altes-Landhaus-\u00a9OBS-768x576.jpg 768w\" sizes=\"auto, (max-width: 900px) 100vw, 900px\" \/><figcaption class=\"blocks-gallery-item__caption\">Das Bismarck-Museum in Friedrichsruh<\/figcaption><\/figure><\/li><\/ul><\/figure>\n\n\n\n<p>Bitte beachten Sie auch den <a href=\"https:\/\/www.bismarck-stiftung.de\/veranstaltungen\/\" data-type=\"URL\" data-id=\"https:\/\/www.bismarck-stiftung.de\/veranstaltungen\/\">Veranstaltungskalender<\/a> der Otto-von-Bismarck-Stiftung.<\/p>\n","protected":false},"excerpt":{"rendered":"<p>Das Projekt \u201eBismarckierung\u201c wird von der Otto-von-Bismarck-Stiftung betreut. Sie ist eine der sieben Politikergedenkstiftungen des Bundes. Zu ihren wesentlichen Aufgaben geh\u00f6ren die wissenschaftliche Forschung zu Otto von Bismarck und seiner Zeit sowie die historisch-politische Bildungsarbeit. Sitz der Stiftung ist das 1846 errichtete und denkmalgesch\u00fctzte Bahnhofsgeb\u00e4ude in Friedrichsruh bei Hamburg, dort betreut sie auch das traditionsreiche &hellip; <a href=\"https:\/\/bismarckierung.de\/?page_id=224\" class=\"more-link\"><span class=\"screen-reader-text\">Otto-von-Bismarck-Stiftung<\/span> weiterlesen <span class=\"meta-nav\">&rarr;<\/span><\/a><\/p>\n","protected":false},"author":3,"featured_media":0,"parent":0,"menu_order":0,"comment_status":"closed","ping_status":"closed","template":"","meta":{"footnotes":""},"class_list":["post-224","page","type-page","status-publish","hentry"],"_links":{"self":[{"href":"https:\/\/bismarckierung.de\/index.php?rest_route=\/wp\/v2\/pages\/224","targetHints":{"allow":["GET"]}}],"collection":[{"href":"https:\/\/bismarckierung.de\/index.php?rest_route=\/wp\/v2\/pages"}],"about":[{"href":"https:\/\/bismarckierung.de\/index.php?rest_route=\/wp\/v2\/types\/page"}],"author":[{"embeddable":true,"href":"https:\/\/bismarckierung.de\/index.php?rest_route=\/wp\/v2\/users\/3"}],"replies":[{"embeddable":true,"href":"https:\/\/bismarckierung.de\/index.php?rest_route=%2Fwp%2Fv2%2Fcomments&post=224"}],"version-history":[{"count":9,"href":"https:\/\/bismarckierung.de\/index.php?rest_route=\/wp\/v2\/pages\/224\/revisions"}],"predecessor-version":[{"id":328,"href":"https:\/\/bismarckierung.de\/index.php?rest_route=\/wp\/v2\/pages\/224\/revisions\/328"}],"wp:attachment":[{"href":"https:\/\/bismarckierung.de\/index.php?rest_route=%2Fwp%2Fv2%2Fmedia&parent=224"}],"curies":[{"name":"wp","href":"https:\/\/api.w.org\/{rel}","templated":true}]}}